{"id":534,"date":"2019-08-22T06:22:35","date_gmt":"2019-08-22T06:22:35","guid":{"rendered":"https:\/\/verticalguitars.com\/wordpress\/?page_id=534"},"modified":"2019-08-22T06:22:35","modified_gmt":"2019-08-22T06:22:35","slug":"vg003","status":"publish","type":"page","link":"https:\/\/verticalguitars.com\/wordpress\/vg003\/","title":{"rendered":"VG003"},"content":{"rendered":"<!-- default-view.php -->\n<div\n\tclass=\"ngg-galleryoverview default-view \"\n\tid=\"ngg-gallery-6db8669eda6af06bcd9292887b2ff851-1\">\n\n\t\t<!-- Thumbnails -->\n\t\t\t\t<div id=\"ngg-image-0\" class=\"ngg-gallery-thumbnail-box \" >\n\t\t\t\t        <div class=\"ngg-gallery-thumbnail\">\n            <a href=\"https:\/\/verticalguitars.com\/wordpress\/wp-content\/gallery\/vg-003\/09.jpg\"\n               title=\"\"\n               data-src=\"https:\/\/verticalguitars.com\/wordpress\/wp-content\/gallery\/vg-003\/09.jpg\"\n               data-thumbnail=\"https:\/\/verticalguitars.com\/wordpress\/wp-content\/gallery\/vg-003\/thumbs\/thumbs_09.jpg\"\n               data-image-id=\"203\"\n               data-title=\"09\"\n               data-description=\"\"\n               data-image-slug=\"09-15\"\n               class=\"ngg-simplelightbox\" rel=\"6db8669eda6af06bcd9292887b2ff851\">\n                <img\n                    title=\"09\"\n                    alt=\"09\"\n                    src=\"https:\/\/verticalguitars.com\/wordpress\/wp-content\/gallery\/vg-003\/thumbs\/thumbs_09.jpg\"\n                    width=\"240\"\n                    height=\"160\"\n                    style=\"max-width:100%;\"\n                \/>\n            <\/a>\n        <\/div>\n\t\t\t\t\t\t\t<\/div> \n\t\t\t\n\t\t\t\t<div id=\"ngg-image-1\" class=\"ngg-gallery-thumbnail-box \" >\n\t\t\t\t        <div class=\"ngg-gallery-thumbnail\">\n            <a href=\"https:\/\/verticalguitars.com\/wordpress\/wp-content\/gallery\/vg-003\/01.jpg\"\n               title=\"\"\n               data-src=\"https:\/\/verticalguitars.com\/wordpress\/wp-content\/gallery\/vg-003\/01.jpg\"\n               data-thumbnail=\"https:\/\/verticalguitars.com\/wordpress\/wp-content\/gallery\/vg-003\/thumbs\/thumbs_01.jpg\"\n               data-image-id=\"204\"\n               data-title=\"01\"\n               data-description=\"\"\n               data-image-slug=\"01-10\"\n               class=\"ngg-simplelightbox\" rel=\"6db8669eda6af06bcd9292887b2ff851\">\n                <img\n                    title=\"01\"\n                    alt=\"01\"\n                    src=\"https:\/\/verticalguitars.com\/wordpress\/wp-content\/gallery\/vg-003\/thumbs\/thumbs_01.jpg\"\n                    width=\"240\"\n                    height=\"160\"\n                    style=\"max-width:100%;\"\n                \/>\n            <\/a>\n        <\/div>\n\t\t\t\t\t\t\t<\/div> \n\t\t\t\n\t\t\t\t<div id=\"ngg-image-2\" class=\"ngg-gallery-thumbnail-box \" >\n\t\t\t\t        <div class=\"ngg-gallery-thumbnail\">\n            <a href=\"https:\/\/verticalguitars.com\/wordpress\/wp-content\/gallery\/vg-003\/02.jpg\"\n               title=\"\"\n               data-src=\"https:\/\/verticalguitars.com\/wordpress\/wp-content\/gallery\/vg-003\/02.jpg\"\n               data-thumbnail=\"https:\/\/verticalguitars.com\/wordpress\/wp-content\/gallery\/vg-003\/thumbs\/thumbs_02.jpg\"\n               data-image-id=\"205\"\n               data-title=\"02\"\n               data-description=\"\"\n               data-image-slug=\"02-16\"\n               class=\"ngg-simplelightbox\" rel=\"6db8669eda6af06bcd9292887b2ff851\">\n                <img\n                    title=\"02\"\n                    alt=\"02\"\n                    src=\"https:\/\/verticalguitars.com\/wordpress\/wp-content\/gallery\/vg-003\/thumbs\/thumbs_02.jpg\"\n                    width=\"240\"\n                    height=\"160\"\n                    style=\"max-width:100%;\"\n                \/>\n            <\/a>\n        <\/div>\n\t\t\t\t\t\t\t<\/div> \n\t\t\t\n\t\t\t\t<div id=\"ngg-image-3\" class=\"ngg-gallery-thumbnail-box \" >\n\t\t\t\t        <div class=\"ngg-gallery-thumbnail\">\n            <a href=\"https:\/\/verticalguitars.com\/wordpress\/wp-content\/gallery\/vg-003\/03.jpg\"\n               title=\"\"\n               data-src=\"https:\/\/verticalguitars.com\/wordpress\/wp-content\/gallery\/vg-003\/03.jpg\"\n               data-thumbnail=\"https:\/\/verticalguitars.com\/wordpress\/wp-content\/gallery\/vg-003\/thumbs\/thumbs_03.jpg\"\n               data-image-id=\"206\"\n               data-title=\"03\"\n               data-description=\"\"\n               data-image-slug=\"03-16\"\n               class=\"ngg-simplelightbox\" rel=\"6db8669eda6af06bcd9292887b2ff851\">\n                <img\n                    title=\"03\"\n                    alt=\"03\"\n                    src=\"https:\/\/verticalguitars.com\/wordpress\/wp-content\/gallery\/vg-003\/thumbs\/thumbs_03.jpg\"\n                    width=\"240\"\n                    height=\"160\"\n                    style=\"max-width:100%;\"\n                \/>\n            <\/a>\n        <\/div>\n\t\t\t\t\t\t\t<\/div> \n\t\t\t\n\t\t\t\t<div id=\"ngg-image-4\" class=\"ngg-gallery-thumbnail-box \" >\n\t\t\t\t        <div class=\"ngg-gallery-thumbnail\">\n            <a href=\"https:\/\/verticalguitars.com\/wordpress\/wp-content\/gallery\/vg-003\/04.jpg\"\n               title=\"\"\n               data-src=\"https:\/\/verticalguitars.com\/wordpress\/wp-content\/gallery\/vg-003\/04.jpg\"\n               data-thumbnail=\"https:\/\/verticalguitars.com\/wordpress\/wp-content\/gallery\/vg-003\/thumbs\/thumbs_04.jpg\"\n               data-image-id=\"207\"\n               data-title=\"04\"\n               data-description=\"\"\n               data-image-slug=\"04-16\"\n               class=\"ngg-simplelightbox\" rel=\"6db8669eda6af06bcd9292887b2ff851\">\n                <img\n                    title=\"04\"\n                    alt=\"04\"\n                    src=\"https:\/\/verticalguitars.com\/wordpress\/wp-content\/gallery\/vg-003\/thumbs\/thumbs_04.jpg\"\n                    width=\"240\"\n                    height=\"160\"\n                    style=\"max-width:100%;\"\n                \/>\n            <\/a>\n        <\/div>\n\t\t\t\t\t\t\t<\/div> \n\t\t\t\n\t\t\t\t<div id=\"ngg-image-5\" class=\"ngg-gallery-thumbnail-box \" >\n\t\t\t\t        <div class=\"ngg-gallery-thumbnail\">\n            <a href=\"https:\/\/verticalguitars.com\/wordpress\/wp-content\/gallery\/vg-003\/05.jpg\"\n               title=\"\"\n               data-src=\"https:\/\/verticalguitars.com\/wordpress\/wp-content\/gallery\/vg-003\/05.jpg\"\n               data-thumbnail=\"https:\/\/verticalguitars.com\/wordpress\/wp-content\/gallery\/vg-003\/thumbs\/thumbs_05.jpg\"\n               data-image-id=\"208\"\n               data-title=\"05\"\n               data-description=\"\"\n               data-image-slug=\"05-15\"\n               class=\"ngg-simplelightbox\" rel=\"6db8669eda6af06bcd9292887b2ff851\">\n                <img\n                    title=\"05\"\n                    alt=\"05\"\n                    src=\"https:\/\/verticalguitars.com\/wordpress\/wp-content\/gallery\/vg-003\/thumbs\/thumbs_05.jpg\"\n                    width=\"240\"\n                    height=\"160\"\n                    style=\"max-width:100%;\"\n                \/>\n            <\/a>\n        <\/div>\n\t\t\t\t\t\t\t<\/div> \n\t\t\t\n\t\t\t\t<div id=\"ngg-image-6\" class=\"ngg-gallery-thumbnail-box \" >\n\t\t\t\t        <div class=\"ngg-gallery-thumbnail\">\n            <a href=\"https:\/\/verticalguitars.com\/wordpress\/wp-content\/gallery\/vg-003\/06.jpg\"\n               title=\"\"\n               data-src=\"https:\/\/verticalguitars.com\/wordpress\/wp-content\/gallery\/vg-003\/06.jpg\"\n               data-thumbnail=\"https:\/\/verticalguitars.com\/wordpress\/wp-content\/gallery\/vg-003\/thumbs\/thumbs_06.jpg\"\n               data-image-id=\"209\"\n               data-title=\"06\"\n               data-description=\"\"\n               data-image-slug=\"06-16\"\n               class=\"ngg-simplelightbox\" rel=\"6db8669eda6af06bcd9292887b2ff851\">\n                <img\n                    title=\"06\"\n                    alt=\"06\"\n                    src=\"https:\/\/verticalguitars.com\/wordpress\/wp-content\/gallery\/vg-003\/thumbs\/thumbs_06.jpg\"\n                    width=\"240\"\n                    height=\"160\"\n                    style=\"max-width:100%;\"\n                \/>\n            <\/a>\n        <\/div>\n\t\t\t\t\t\t\t<\/div> \n\t\t\t\n\t\t\t\t<div id=\"ngg-image-7\" class=\"ngg-gallery-thumbnail-box \" >\n\t\t\t\t        <div class=\"ngg-gallery-thumbnail\">\n            <a href=\"https:\/\/verticalguitars.com\/wordpress\/wp-content\/gallery\/vg-003\/07.jpg\"\n               title=\"\"\n               data-src=\"https:\/\/verticalguitars.com\/wordpress\/wp-content\/gallery\/vg-003\/07.jpg\"\n               data-thumbnail=\"https:\/\/verticalguitars.com\/wordpress\/wp-content\/gallery\/vg-003\/thumbs\/thumbs_07.jpg\"\n               data-image-id=\"210\"\n               data-title=\"07\"\n               data-description=\"\"\n               data-image-slug=\"07-15\"\n               class=\"ngg-simplelightbox\" rel=\"6db8669eda6af06bcd9292887b2ff851\">\n                <img\n                    title=\"07\"\n                    alt=\"07\"\n                    src=\"https:\/\/verticalguitars.com\/wordpress\/wp-content\/gallery\/vg-003\/thumbs\/thumbs_07.jpg\"\n                    width=\"240\"\n                    height=\"160\"\n                    style=\"max-width:100%;\"\n                \/>\n            <\/a>\n        <\/div>\n\t\t\t\t\t\t\t<\/div> \n\t\t\t\n\t\t\t\t<div id=\"ngg-image-8\" class=\"ngg-gallery-thumbnail-box \" >\n\t\t\t\t        <div class=\"ngg-gallery-thumbnail\">\n            <a href=\"https:\/\/verticalguitars.com\/wordpress\/wp-content\/gallery\/vg-003\/08.jpg\"\n               title=\"\"\n               data-src=\"https:\/\/verticalguitars.com\/wordpress\/wp-content\/gallery\/vg-003\/08.jpg\"\n               data-thumbnail=\"https:\/\/verticalguitars.com\/wordpress\/wp-content\/gallery\/vg-003\/thumbs\/thumbs_08.jpg\"\n               data-image-id=\"211\"\n               data-title=\"08\"\n               data-description=\"\"\n               data-image-slug=\"08-15\"\n               class=\"ngg-simplelightbox\" rel=\"6db8669eda6af06bcd9292887b2ff851\">\n                <img\n                    title=\"08\"\n                    alt=\"08\"\n                    src=\"https:\/\/verticalguitars.com\/wordpress\/wp-content\/gallery\/vg-003\/thumbs\/thumbs_08.jpg\"\n                    width=\"240\"\n                    height=\"160\"\n                    style=\"max-width:100%;\"\n                \/>\n            <\/a>\n        <\/div>\n\t\t\t\t\t\t\t<\/div> \n\t\t\t\n\t\n\t<br style=\"clear: both\" \/>\n\n\t\n\t\t<!-- Pagination -->\n\t<div class='ngg-clear'><\/div>\t<\/div>\n\n<div class=\"ff ff-root\">\n\t<div class=\"ff-container-fluid\">\n\t\t<div class=\"ff-row\">\n\t\t\t<div class=\"ff-col-md-6 ff-col-elem text-align-center\">\n\n    <div class=\"ffs-info-box center\">\n        <div class=\"ffs-icon-box\">\n                                                <span class=\"ffs-icon-container\"><i class=\"fa fa-check-square-o\"><\/i><\/span>\n                                    <\/div>\n\n        <div class=\"ffs-content-box\">\n                            <h2 class=\"ff-col-title\">Daten:<\/h2>\n            \n            <div >\n                &#8211; Esche Korpus &#8211; Esche Hals &#8211; Griffbrett Roteiche &#8211; Perlmutt Inlays &#8211; Korpus, Hals und Kopfplatten Binding &#8211; Tonabnehmer Hals Seymour Duncan SH-2n &#8211; Tonabnehmer Br\u00fcckeSeymour Duncan SH-4 JB &#8211; Gotoh Tune-O-Matic Br\u00fccke &#8211; Planet Waves Locking Mechaniken &#8211; 22 B\u00fcnde &#8211; Mensur 628mm &#8211; Farbe Trasperent Schwarz gl\u00e4nzend &#8211; 3 Wege Toggleswitch &#8211; 1 Tone, 1 Volume Regler            <\/div>\n        <\/div>\n    <\/div>\n\n<\/div>\n<div class=\"ff-col-md-6 ff-col-elem text-align-center\">\n\n    <div class=\"ffs-info-box center\">\n        <div class=\"ffs-icon-box\">\n                                                <span class=\"ffs-icon-container\"><i class=\"fa fa-check-square-o\"><\/i><\/span>\n                                    <\/div>\n\n        <div class=\"ffs-content-box\">\n                            <h2 class=\"ff-col-title\">Specifications:<\/h2>\n            \n            <div >\n                &#8211; Ash body &#8211; Ash neck &#8211; Red oak fretboard &#8211; Pearl inlays &#8211; Body, neck and headstock binding &#8211; Pickup neck &#8211; Seymour Duncan SH-2n &#8211; Pickup bridge &#8211; Seymour Duncan SH-4 JB &#8211; Gotoh Tune-O-Matic bridge &#8211; Planet Waves Locking tuners &#8211; Finish: transparent black glossy &#8211; 22 frets &#8211; Scale 628mm &#8211; 3 Way Toggleswitch &#8211; 1 Tone, 1 Volume controls            <\/div>\n        <\/div>\n    <\/div>\n\n<\/div>\n\t\t<\/div>\n\t<\/div>\n<\/div>\n\n","protected":false},"excerpt":{"rendered":"<p>&nbsp;<\/p>\n","protected":false},"author":1,"featured_media":0,"parent":0,"menu_order":0,"comment_status":"closed","ping_status":"closed","template":"","meta":{"ngg_post_thumbnail":0,"footnotes":""},"_links":{"self":[{"href":"https:\/\/verticalguitars.com\/wordpress\/wp-json\/wp\/v2\/pages\/534"}],"collection":[{"href":"https:\/\/verticalguitars.com\/wordpress\/wp-json\/wp\/v2\/pages"}],"about":[{"href":"https:\/\/verticalguitars.com\/wordpress\/wp-json\/wp\/v2\/types\/page"}],"author":[{"embeddable":true,"href":"https:\/\/verticalguitars.com\/wordpress\/wp-json\/wp\/v2\/users\/1"}],"replies":[{"embeddable":true,"href":"https:\/\/verticalguitars.com\/wordpress\/wp-json\/wp\/v2\/comments?post=534"}],"version-history":[{"count":1,"href":"https:\/\/verticalguitars.com\/wordpress\/wp-json\/wp\/v2\/pages\/534\/revisions"}],"predecessor-version":[{"id":535,"href":"https:\/\/verticalguitars.com\/wordpress\/wp-json\/wp\/v2\/pages\/534\/revisions\/535"}],"wp:attachment":[{"href":"https:\/\/verticalguitars.com\/wordpress\/wp-json\/wp\/v2\/media?parent=534"}],"curies":[{"name":"wp","href":"https:\/\/api.w.org\/{rel}","templated":true}]}}