{"id":501,"date":"2019-08-22T05:44:02","date_gmt":"2019-08-22T05:44:02","guid":{"rendered":"https:\/\/verticalguitars.com\/wordpress\/?page_id=501"},"modified":"2019-08-22T05:44:02","modified_gmt":"2019-08-22T05:44:02","slug":"vg005","status":"publish","type":"page","link":"https:\/\/verticalguitars.com\/wordpress\/vg005\/","title":{"rendered":"VG005"},"content":{"rendered":"<!-- default-view.php -->\n<div\n\tclass=\"ngg-galleryoverview default-view \"\n\tid=\"ngg-gallery-22469f000ba5bc41ef70d3c5a3102f22-1\">\n\n\t\t<!-- Thumbnails -->\n\t\t\t\t<div id=\"ngg-image-0\" class=\"ngg-gallery-thumbnail-box \" >\n\t\t\t\t        <div class=\"ngg-gallery-thumbnail\">\n            <a href=\"https:\/\/verticalguitars.com\/wordpress\/wp-content\/gallery\/vg-005\/01.jpg\"\n               title=\"\"\n               data-src=\"https:\/\/verticalguitars.com\/wordpress\/wp-content\/gallery\/vg-005\/01.jpg\"\n               data-thumbnail=\"https:\/\/verticalguitars.com\/wordpress\/wp-content\/gallery\/vg-005\/thumbs\/thumbs_01.jpg\"\n               data-image-id=\"183\"\n               data-title=\"01\"\n               data-description=\"\"\n               data-image-slug=\"01-8\"\n               class=\"ngg-simplelightbox\" rel=\"22469f000ba5bc41ef70d3c5a3102f22\">\n                <img\n                    title=\"01\"\n                    alt=\"01\"\n                    src=\"https:\/\/verticalguitars.com\/wordpress\/wp-content\/gallery\/vg-005\/thumbs\/thumbs_01.jpg\"\n                    width=\"240\"\n                    height=\"160\"\n                    style=\"max-width:100%;\"\n                \/>\n            <\/a>\n        <\/div>\n\t\t\t\t\t\t\t<\/div> \n\t\t\t\n\t\t\t\t<div id=\"ngg-image-1\" class=\"ngg-gallery-thumbnail-box \" >\n\t\t\t\t        <div class=\"ngg-gallery-thumbnail\">\n            <a href=\"https:\/\/verticalguitars.com\/wordpress\/wp-content\/gallery\/vg-005\/02.jpg\"\n               title=\"\"\n               data-src=\"https:\/\/verticalguitars.com\/wordpress\/wp-content\/gallery\/vg-005\/02.jpg\"\n               data-thumbnail=\"https:\/\/verticalguitars.com\/wordpress\/wp-content\/gallery\/vg-005\/thumbs\/thumbs_02.jpg\"\n               data-image-id=\"184\"\n               data-title=\"02\"\n               data-description=\"\"\n               data-image-slug=\"02-14\"\n               class=\"ngg-simplelightbox\" rel=\"22469f000ba5bc41ef70d3c5a3102f22\">\n                <img\n                    title=\"02\"\n                    alt=\"02\"\n                    src=\"https:\/\/verticalguitars.com\/wordpress\/wp-content\/gallery\/vg-005\/thumbs\/thumbs_02.jpg\"\n                    width=\"240\"\n                    height=\"160\"\n                    style=\"max-width:100%;\"\n                \/>\n            <\/a>\n        <\/div>\n\t\t\t\t\t\t\t<\/div> \n\t\t\t\n\t\t\t\t<div id=\"ngg-image-2\" class=\"ngg-gallery-thumbnail-box \" >\n\t\t\t\t        <div class=\"ngg-gallery-thumbnail\">\n            <a href=\"https:\/\/verticalguitars.com\/wordpress\/wp-content\/gallery\/vg-005\/03.jpg\"\n               title=\"\"\n               data-src=\"https:\/\/verticalguitars.com\/wordpress\/wp-content\/gallery\/vg-005\/03.jpg\"\n               data-thumbnail=\"https:\/\/verticalguitars.com\/wordpress\/wp-content\/gallery\/vg-005\/thumbs\/thumbs_03.jpg\"\n               data-image-id=\"185\"\n               data-title=\"03\"\n               data-description=\"\"\n               data-image-slug=\"03-14\"\n               class=\"ngg-simplelightbox\" rel=\"22469f000ba5bc41ef70d3c5a3102f22\">\n                <img\n                    title=\"03\"\n                    alt=\"03\"\n                    src=\"https:\/\/verticalguitars.com\/wordpress\/wp-content\/gallery\/vg-005\/thumbs\/thumbs_03.jpg\"\n                    width=\"240\"\n                    height=\"160\"\n                    style=\"max-width:100%;\"\n                \/>\n            <\/a>\n        <\/div>\n\t\t\t\t\t\t\t<\/div> \n\t\t\t\n\t\t\t\t<div id=\"ngg-image-3\" class=\"ngg-gallery-thumbnail-box \" >\n\t\t\t\t        <div class=\"ngg-gallery-thumbnail\">\n            <a href=\"https:\/\/verticalguitars.com\/wordpress\/wp-content\/gallery\/vg-005\/04.jpg\"\n               title=\"\"\n               data-src=\"https:\/\/verticalguitars.com\/wordpress\/wp-content\/gallery\/vg-005\/04.jpg\"\n               data-thumbnail=\"https:\/\/verticalguitars.com\/wordpress\/wp-content\/gallery\/vg-005\/thumbs\/thumbs_04.jpg\"\n               data-image-id=\"186\"\n               data-title=\"04\"\n               data-description=\"\"\n               data-image-slug=\"04-14\"\n               class=\"ngg-simplelightbox\" rel=\"22469f000ba5bc41ef70d3c5a3102f22\">\n                <img\n                    title=\"04\"\n                    alt=\"04\"\n                    src=\"https:\/\/verticalguitars.com\/wordpress\/wp-content\/gallery\/vg-005\/thumbs\/thumbs_04.jpg\"\n                    width=\"240\"\n                    height=\"160\"\n                    style=\"max-width:100%;\"\n                \/>\n            <\/a>\n        <\/div>\n\t\t\t\t\t\t\t<\/div> \n\t\t\t\n\t\t\t\t<div id=\"ngg-image-4\" class=\"ngg-gallery-thumbnail-box \" >\n\t\t\t\t        <div class=\"ngg-gallery-thumbnail\">\n            <a href=\"https:\/\/verticalguitars.com\/wordpress\/wp-content\/gallery\/vg-005\/05.jpg\"\n               title=\"\"\n               data-src=\"https:\/\/verticalguitars.com\/wordpress\/wp-content\/gallery\/vg-005\/05.jpg\"\n               data-thumbnail=\"https:\/\/verticalguitars.com\/wordpress\/wp-content\/gallery\/vg-005\/thumbs\/thumbs_05.jpg\"\n               data-image-id=\"187\"\n               data-title=\"05\"\n               data-description=\"\"\n               data-image-slug=\"05-13\"\n               class=\"ngg-simplelightbox\" rel=\"22469f000ba5bc41ef70d3c5a3102f22\">\n                <img\n                    title=\"05\"\n                    alt=\"05\"\n                    src=\"https:\/\/verticalguitars.com\/wordpress\/wp-content\/gallery\/vg-005\/thumbs\/thumbs_05.jpg\"\n                    width=\"240\"\n                    height=\"160\"\n                    style=\"max-width:100%;\"\n                \/>\n            <\/a>\n        <\/div>\n\t\t\t\t\t\t\t<\/div> \n\t\t\t\n\t\t\t\t<div id=\"ngg-image-5\" class=\"ngg-gallery-thumbnail-box \" >\n\t\t\t\t        <div class=\"ngg-gallery-thumbnail\">\n            <a href=\"https:\/\/verticalguitars.com\/wordpress\/wp-content\/gallery\/vg-005\/06.jpg\"\n               title=\"\"\n               data-src=\"https:\/\/verticalguitars.com\/wordpress\/wp-content\/gallery\/vg-005\/06.jpg\"\n               data-thumbnail=\"https:\/\/verticalguitars.com\/wordpress\/wp-content\/gallery\/vg-005\/thumbs\/thumbs_06.jpg\"\n               data-image-id=\"188\"\n               data-title=\"06\"\n               data-description=\"\"\n               data-image-slug=\"06-14\"\n               class=\"ngg-simplelightbox\" rel=\"22469f000ba5bc41ef70d3c5a3102f22\">\n                <img\n                    title=\"06\"\n                    alt=\"06\"\n                    src=\"https:\/\/verticalguitars.com\/wordpress\/wp-content\/gallery\/vg-005\/thumbs\/thumbs_06.jpg\"\n                    width=\"240\"\n                    height=\"160\"\n                    style=\"max-width:100%;\"\n                \/>\n            <\/a>\n        <\/div>\n\t\t\t\t\t\t\t<\/div> \n\t\t\t\n\t\t\t\t<div id=\"ngg-image-6\" class=\"ngg-gallery-thumbnail-box \" >\n\t\t\t\t        <div class=\"ngg-gallery-thumbnail\">\n            <a href=\"https:\/\/verticalguitars.com\/wordpress\/wp-content\/gallery\/vg-005\/07.jpg\"\n               title=\"\"\n               data-src=\"https:\/\/verticalguitars.com\/wordpress\/wp-content\/gallery\/vg-005\/07.jpg\"\n               data-thumbnail=\"https:\/\/verticalguitars.com\/wordpress\/wp-content\/gallery\/vg-005\/thumbs\/thumbs_07.jpg\"\n               data-image-id=\"189\"\n               data-title=\"07\"\n               data-description=\"\"\n               data-image-slug=\"07-13\"\n               class=\"ngg-simplelightbox\" rel=\"22469f000ba5bc41ef70d3c5a3102f22\">\n                <img\n                    title=\"07\"\n                    alt=\"07\"\n                    src=\"https:\/\/verticalguitars.com\/wordpress\/wp-content\/gallery\/vg-005\/thumbs\/thumbs_07.jpg\"\n                    width=\"240\"\n                    height=\"160\"\n                    style=\"max-width:100%;\"\n                \/>\n            <\/a>\n        <\/div>\n\t\t\t\t\t\t\t<\/div> \n\t\t\t\n\t\t\t\t<div id=\"ngg-image-7\" class=\"ngg-gallery-thumbnail-box \" >\n\t\t\t\t        <div class=\"ngg-gallery-thumbnail\">\n            <a href=\"https:\/\/verticalguitars.com\/wordpress\/wp-content\/gallery\/vg-005\/08.jpg\"\n               title=\"\"\n               data-src=\"https:\/\/verticalguitars.com\/wordpress\/wp-content\/gallery\/vg-005\/08.jpg\"\n               data-thumbnail=\"https:\/\/verticalguitars.com\/wordpress\/wp-content\/gallery\/vg-005\/thumbs\/thumbs_08.jpg\"\n               data-image-id=\"190\"\n               data-title=\"08\"\n               data-description=\"\"\n               data-image-slug=\"08-13\"\n               class=\"ngg-simplelightbox\" rel=\"22469f000ba5bc41ef70d3c5a3102f22\">\n                <img\n                    title=\"08\"\n                    alt=\"08\"\n                    src=\"https:\/\/verticalguitars.com\/wordpress\/wp-content\/gallery\/vg-005\/thumbs\/thumbs_08.jpg\"\n                    width=\"240\"\n                    height=\"160\"\n                    style=\"max-width:100%;\"\n                \/>\n            <\/a>\n        <\/div>\n\t\t\t\t\t\t\t<\/div> \n\t\t\t\n\t\t\t\t<div id=\"ngg-image-8\" class=\"ngg-gallery-thumbnail-box \" >\n\t\t\t\t        <div class=\"ngg-gallery-thumbnail\">\n            <a href=\"https:\/\/verticalguitars.com\/wordpress\/wp-content\/gallery\/vg-005\/09.jpg\"\n               title=\"\"\n               data-src=\"https:\/\/verticalguitars.com\/wordpress\/wp-content\/gallery\/vg-005\/09.jpg\"\n               data-thumbnail=\"https:\/\/verticalguitars.com\/wordpress\/wp-content\/gallery\/vg-005\/thumbs\/thumbs_09.jpg\"\n               data-image-id=\"191\"\n               data-title=\"09\"\n               data-description=\"\"\n               data-image-slug=\"09-13\"\n               class=\"ngg-simplelightbox\" rel=\"22469f000ba5bc41ef70d3c5a3102f22\">\n                <img\n                    title=\"09\"\n                    alt=\"09\"\n                    src=\"https:\/\/verticalguitars.com\/wordpress\/wp-content\/gallery\/vg-005\/thumbs\/thumbs_09.jpg\"\n                    width=\"240\"\n                    height=\"160\"\n                    style=\"max-width:100%;\"\n                \/>\n            <\/a>\n        <\/div>\n\t\t\t\t\t\t\t<\/div> \n\t\t\t\n\t\t\t\t<div id=\"ngg-image-9\" class=\"ngg-gallery-thumbnail-box \" >\n\t\t\t\t        <div class=\"ngg-gallery-thumbnail\">\n            <a href=\"https:\/\/verticalguitars.com\/wordpress\/wp-content\/gallery\/vg-005\/10.jpg\"\n               title=\"\"\n               data-src=\"https:\/\/verticalguitars.com\/wordpress\/wp-content\/gallery\/vg-005\/10.jpg\"\n               data-thumbnail=\"https:\/\/verticalguitars.com\/wordpress\/wp-content\/gallery\/vg-005\/thumbs\/thumbs_10.jpg\"\n               data-image-id=\"192\"\n               data-title=\"10\"\n               data-description=\"\"\n               data-image-slug=\"10-12\"\n               class=\"ngg-simplelightbox\" rel=\"22469f000ba5bc41ef70d3c5a3102f22\">\n                <img\n                    title=\"10\"\n                    alt=\"10\"\n                    src=\"https:\/\/verticalguitars.com\/wordpress\/wp-content\/gallery\/vg-005\/thumbs\/thumbs_10.jpg\"\n                    width=\"240\"\n                    height=\"160\"\n                    style=\"max-width:100%;\"\n                \/>\n            <\/a>\n        <\/div>\n\t\t\t\t\t\t\t<\/div> \n\t\t\t\n\t\n\t<br style=\"clear: both\" \/>\n\n\t\n\t\t<!-- Pagination -->\n\t<div class='ngg-clear'><\/div>\t<\/div>\n\n<div class=\"ff ff-root\">\n\t<div class=\"ff-container-fluid\">\n\t\t<div class=\"ff-row\">\n\t\t\t<div class=\"ff-col-md-6 ff-col-elem text-align-center\">\n\n    <div class=\"ffs-info-box center\">\n        <div class=\"ffs-icon-box\">\n                                                <span class=\"ffs-icon-container\"><i class=\"fa fa-check-square-o\"><\/i><\/span>\n                                    <\/div>\n\n        <div class=\"ffs-content-box\">\n                            <h2 class=\"ff-col-title\">Daten:<\/h2>\n            \n            <div >\n                &#8211; Erle Korpus + Ahorn Decke &#8211; zweiteiliger Ahornhals &#8211; Griffbrett Roteiche &#8211; Korpus, Hals und Kopfplatten Binding &#8211; H\u00e4ussel Tozz B XL Tonabnehmer Br\u00fccke &#8211; H\u00e4ussel Vin+N Tonabnehmer Hals &#8211; Schaller M6 Locking Mechaniken &#8211; Schaller STM Br\u00fccke &#8211; Schaller Saitenhalter &#8211; 22 B\u00fcnde &#8211; Mensur: 628mm &#8211; Griffbrettradius: 12&#8243; &#8211; 1 Ton, 2 Volume Regler &#8211; Farbe: Schwarz transparent gl\u00e4nzend            <\/div>\n        <\/div>\n    <\/div>\n\n<\/div>\n<div class=\"ff-col-md-6 ff-col-elem text-align-center\">\n\n    <div class=\"ffs-info-box center\">\n        <div class=\"ffs-icon-box\">\n                                                <span class=\"ffs-icon-container\"><i class=\"fa fa-check-square-o\"><\/i><\/span>\n                                    <\/div>\n\n        <div class=\"ffs-content-box\">\n                            <h2 class=\"ff-col-title\">Specifications:<\/h2>\n            \n            <div >\n                &#8211; Alder body + maple top &#8211; two piece maple neck &#8211; Red oak fretboard &#8211; Body, neck and headstock binding &#8211; H\u00e4ussel Tozz B XL pickup bridge &#8211; H\u00e4ussel Vin+N pickup neck &#8211; Schaller M6 locking tuners &#8211; Schaller STM bridge &#8211; Schaller stop tailpiece &#8211; 22 frets &#8211; Scale: 628mm &#8211; Fretboard radius: 12&#8243; &#8211; 1 tone, 2 volume controls &#8211; Finish: black transparent glossy            <\/div>\n        <\/div>\n    <\/div>\n\n<\/div>\n\t\t<\/div>\n\t<\/div>\n<\/div>\n\n","protected":false},"excerpt":{"rendered":"<p>&nbsp;<\/p>\n","protected":false},"author":1,"featured_media":0,"parent":0,"menu_order":0,"comment_status":"closed","ping_status":"closed","template":"","meta":{"ngg_post_thumbnail":0,"footnotes":""},"_links":{"self":[{"href":"https:\/\/verticalguitars.com\/wordpress\/wp-json\/wp\/v2\/pages\/501"}],"collection":[{"href":"https:\/\/verticalguitars.com\/wordpress\/wp-json\/wp\/v2\/pages"}],"about":[{"href":"https:\/\/verticalguitars.com\/wordpress\/wp-json\/wp\/v2\/types\/page"}],"author":[{"embeddable":true,"href":"https:\/\/verticalguitars.com\/wordpress\/wp-json\/wp\/v2\/users\/1"}],"replies":[{"embeddable":true,"href":"https:\/\/verticalguitars.com\/wordpress\/wp-json\/wp\/v2\/comments?post=501"}],"version-history":[{"count":1,"href":"https:\/\/verticalguitars.com\/wordpress\/wp-json\/wp\/v2\/pages\/501\/revisions"}],"predecessor-version":[{"id":502,"href":"https:\/\/verticalguitars.com\/wordpress\/wp-json\/wp\/v2\/pages\/501\/revisions\/502"}],"wp:attachment":[{"href":"https:\/\/verticalguitars.com\/wordpress\/wp-json\/wp\/v2\/media?parent=501"}],"curies":[{"name":"wp","href":"https:\/\/api.w.org\/{rel}","templated":true}]}}