{"id":354,"date":"2019-08-21T10:05:49","date_gmt":"2019-08-21T10:05:49","guid":{"rendered":"https:\/\/verticalguitars.com\/wordpress\/?page_id=354"},"modified":"2019-08-21T10:05:49","modified_gmt":"2019-08-21T10:05:49","slug":"vg013","status":"publish","type":"page","link":"https:\/\/verticalguitars.com\/wordpress\/vg013\/","title":{"rendered":"VG 013"},"content":{"rendered":"<!-- default-view.php -->\n<div\n\tclass=\"ngg-galleryoverview default-view \"\n\tid=\"ngg-gallery-472349243c2b7f905470177fd7a8de89-1\">\n\n\t\t<!-- Thumbnails -->\n\t\t\t\t<div id=\"ngg-image-0\" class=\"ngg-gallery-thumbnail-box \" >\n\t\t\t\t        <div class=\"ngg-gallery-thumbnail\">\n            <a href=\"https:\/\/verticalguitars.com\/wordpress\/wp-content\/gallery\/vg-013\/02.jpg\"\n               title=\"\"\n               data-src=\"https:\/\/verticalguitars.com\/wordpress\/wp-content\/gallery\/vg-013\/02.jpg\"\n               data-thumbnail=\"https:\/\/verticalguitars.com\/wordpress\/wp-content\/gallery\/vg-013\/thumbs\/thumbs_02.jpg\"\n               data-image-id=\"92\"\n               data-title=\"02\"\n               data-description=\"\"\n               data-image-slug=\"02-6\"\n               class=\"ngg-simplelightbox\" rel=\"472349243c2b7f905470177fd7a8de89\">\n                <img\n                    title=\"02\"\n                    alt=\"02\"\n                    src=\"https:\/\/verticalguitars.com\/wordpress\/wp-content\/gallery\/vg-013\/thumbs\/thumbs_02.jpg\"\n                    width=\"240\"\n                    height=\"160\"\n                    style=\"max-width:100%;\"\n                \/>\n            <\/a>\n        <\/div>\n\t\t\t\t\t\t\t<\/div> \n\t\t\t\n\t\t\t\t<div id=\"ngg-image-1\" class=\"ngg-gallery-thumbnail-box \" >\n\t\t\t\t        <div class=\"ngg-gallery-thumbnail\">\n            <a href=\"https:\/\/verticalguitars.com\/wordpress\/wp-content\/gallery\/vg-013\/03.jpg\"\n               title=\"\"\n               data-src=\"https:\/\/verticalguitars.com\/wordpress\/wp-content\/gallery\/vg-013\/03.jpg\"\n               data-thumbnail=\"https:\/\/verticalguitars.com\/wordpress\/wp-content\/gallery\/vg-013\/thumbs\/thumbs_03.jpg\"\n               data-image-id=\"93\"\n               data-title=\"03\"\n               data-description=\"\"\n               data-image-slug=\"03-6\"\n               class=\"ngg-simplelightbox\" rel=\"472349243c2b7f905470177fd7a8de89\">\n                <img\n                    title=\"03\"\n                    alt=\"03\"\n                    src=\"https:\/\/verticalguitars.com\/wordpress\/wp-content\/gallery\/vg-013\/thumbs\/thumbs_03.jpg\"\n                    width=\"240\"\n                    height=\"160\"\n                    style=\"max-width:100%;\"\n                \/>\n            <\/a>\n        <\/div>\n\t\t\t\t\t\t\t<\/div> \n\t\t\t\n\t\t\t\t<div id=\"ngg-image-2\" class=\"ngg-gallery-thumbnail-box \" >\n\t\t\t\t        <div class=\"ngg-gallery-thumbnail\">\n            <a href=\"https:\/\/verticalguitars.com\/wordpress\/wp-content\/gallery\/vg-013\/04.jpg\"\n               title=\"\"\n               data-src=\"https:\/\/verticalguitars.com\/wordpress\/wp-content\/gallery\/vg-013\/04.jpg\"\n               data-thumbnail=\"https:\/\/verticalguitars.com\/wordpress\/wp-content\/gallery\/vg-013\/thumbs\/thumbs_04.jpg\"\n               data-image-id=\"94\"\n               data-title=\"04\"\n               data-description=\"\"\n               data-image-slug=\"04-6\"\n               class=\"ngg-simplelightbox\" rel=\"472349243c2b7f905470177fd7a8de89\">\n                <img\n                    title=\"04\"\n                    alt=\"04\"\n                    src=\"https:\/\/verticalguitars.com\/wordpress\/wp-content\/gallery\/vg-013\/thumbs\/thumbs_04.jpg\"\n                    width=\"240\"\n                    height=\"160\"\n                    style=\"max-width:100%;\"\n                \/>\n            <\/a>\n        <\/div>\n\t\t\t\t\t\t\t<\/div> \n\t\t\t\n\t\t\t\t<div id=\"ngg-image-3\" class=\"ngg-gallery-thumbnail-box \" >\n\t\t\t\t        <div class=\"ngg-gallery-thumbnail\">\n            <a href=\"https:\/\/verticalguitars.com\/wordpress\/wp-content\/gallery\/vg-013\/05.jpg\"\n               title=\"\"\n               data-src=\"https:\/\/verticalguitars.com\/wordpress\/wp-content\/gallery\/vg-013\/05.jpg\"\n               data-thumbnail=\"https:\/\/verticalguitars.com\/wordpress\/wp-content\/gallery\/vg-013\/thumbs\/thumbs_05.jpg\"\n               data-image-id=\"95\"\n               data-title=\"05\"\n               data-description=\"\"\n               data-image-slug=\"05-5\"\n               class=\"ngg-simplelightbox\" rel=\"472349243c2b7f905470177fd7a8de89\">\n                <img\n                    title=\"05\"\n                    alt=\"05\"\n                    src=\"https:\/\/verticalguitars.com\/wordpress\/wp-content\/gallery\/vg-013\/thumbs\/thumbs_05.jpg\"\n                    width=\"240\"\n                    height=\"160\"\n                    style=\"max-width:100%;\"\n                \/>\n            <\/a>\n        <\/div>\n\t\t\t\t\t\t\t<\/div> \n\t\t\t\n\t\t\t\t<div id=\"ngg-image-4\" class=\"ngg-gallery-thumbnail-box \" >\n\t\t\t\t        <div class=\"ngg-gallery-thumbnail\">\n            <a href=\"https:\/\/verticalguitars.com\/wordpress\/wp-content\/gallery\/vg-013\/06.jpg\"\n               title=\"\"\n               data-src=\"https:\/\/verticalguitars.com\/wordpress\/wp-content\/gallery\/vg-013\/06.jpg\"\n               data-thumbnail=\"https:\/\/verticalguitars.com\/wordpress\/wp-content\/gallery\/vg-013\/thumbs\/thumbs_06.jpg\"\n               data-image-id=\"96\"\n               data-title=\"06\"\n               data-description=\"\"\n               data-image-slug=\"06-6\"\n               class=\"ngg-simplelightbox\" rel=\"472349243c2b7f905470177fd7a8de89\">\n                <img\n                    title=\"06\"\n                    alt=\"06\"\n                    src=\"https:\/\/verticalguitars.com\/wordpress\/wp-content\/gallery\/vg-013\/thumbs\/thumbs_06.jpg\"\n                    width=\"240\"\n                    height=\"160\"\n                    style=\"max-width:100%;\"\n                \/>\n            <\/a>\n        <\/div>\n\t\t\t\t\t\t\t<\/div> \n\t\t\t\n\t\t\t\t<div id=\"ngg-image-5\" class=\"ngg-gallery-thumbnail-box \" >\n\t\t\t\t        <div class=\"ngg-gallery-thumbnail\">\n            <a href=\"https:\/\/verticalguitars.com\/wordpress\/wp-content\/gallery\/vg-013\/07.jpg\"\n               title=\"\"\n               data-src=\"https:\/\/verticalguitars.com\/wordpress\/wp-content\/gallery\/vg-013\/07.jpg\"\n               data-thumbnail=\"https:\/\/verticalguitars.com\/wordpress\/wp-content\/gallery\/vg-013\/thumbs\/thumbs_07.jpg\"\n               data-image-id=\"97\"\n               data-title=\"07\"\n               data-description=\"\"\n               data-image-slug=\"07-6\"\n               class=\"ngg-simplelightbox\" rel=\"472349243c2b7f905470177fd7a8de89\">\n                <img\n                    title=\"07\"\n                    alt=\"07\"\n                    src=\"https:\/\/verticalguitars.com\/wordpress\/wp-content\/gallery\/vg-013\/thumbs\/thumbs_07.jpg\"\n                    width=\"240\"\n                    height=\"160\"\n                    style=\"max-width:100%;\"\n                \/>\n            <\/a>\n        <\/div>\n\t\t\t\t\t\t\t<\/div> \n\t\t\t\n\t\t\t\t<div id=\"ngg-image-6\" class=\"ngg-gallery-thumbnail-box \" >\n\t\t\t\t        <div class=\"ngg-gallery-thumbnail\">\n            <a href=\"https:\/\/verticalguitars.com\/wordpress\/wp-content\/gallery\/vg-013\/08.jpg\"\n               title=\"\"\n               data-src=\"https:\/\/verticalguitars.com\/wordpress\/wp-content\/gallery\/vg-013\/08.jpg\"\n               data-thumbnail=\"https:\/\/verticalguitars.com\/wordpress\/wp-content\/gallery\/vg-013\/thumbs\/thumbs_08.jpg\"\n               data-image-id=\"98\"\n               data-title=\"08\"\n               data-description=\"\"\n               data-image-slug=\"08-6\"\n               class=\"ngg-simplelightbox\" rel=\"472349243c2b7f905470177fd7a8de89\">\n                <img\n                    title=\"08\"\n                    alt=\"08\"\n                    src=\"https:\/\/verticalguitars.com\/wordpress\/wp-content\/gallery\/vg-013\/thumbs\/thumbs_08.jpg\"\n                    width=\"240\"\n                    height=\"160\"\n                    style=\"max-width:100%;\"\n                \/>\n            <\/a>\n        <\/div>\n\t\t\t\t\t\t\t<\/div> \n\t\t\t\n\t\t\t\t<div id=\"ngg-image-7\" class=\"ngg-gallery-thumbnail-box \" >\n\t\t\t\t        <div class=\"ngg-gallery-thumbnail\">\n            <a href=\"https:\/\/verticalguitars.com\/wordpress\/wp-content\/gallery\/vg-013\/09.jpg\"\n               title=\"\"\n               data-src=\"https:\/\/verticalguitars.com\/wordpress\/wp-content\/gallery\/vg-013\/09.jpg\"\n               data-thumbnail=\"https:\/\/verticalguitars.com\/wordpress\/wp-content\/gallery\/vg-013\/thumbs\/thumbs_09.jpg\"\n               data-image-id=\"99\"\n               data-title=\"09\"\n               data-description=\"\"\n               data-image-slug=\"09-6\"\n               class=\"ngg-simplelightbox\" rel=\"472349243c2b7f905470177fd7a8de89\">\n                <img\n                    title=\"09\"\n                    alt=\"09\"\n                    src=\"https:\/\/verticalguitars.com\/wordpress\/wp-content\/gallery\/vg-013\/thumbs\/thumbs_09.jpg\"\n                    width=\"240\"\n                    height=\"160\"\n                    style=\"max-width:100%;\"\n                \/>\n            <\/a>\n        <\/div>\n\t\t\t\t\t\t\t<\/div> \n\t\t\t\n\t\t\t\t<div id=\"ngg-image-8\" class=\"ngg-gallery-thumbnail-box \" >\n\t\t\t\t        <div class=\"ngg-gallery-thumbnail\">\n            <a href=\"https:\/\/verticalguitars.com\/wordpress\/wp-content\/gallery\/vg-013\/10.jpg\"\n               title=\"\"\n               data-src=\"https:\/\/verticalguitars.com\/wordpress\/wp-content\/gallery\/vg-013\/10.jpg\"\n               data-thumbnail=\"https:\/\/verticalguitars.com\/wordpress\/wp-content\/gallery\/vg-013\/thumbs\/thumbs_10.jpg\"\n               data-image-id=\"100\"\n               data-title=\"10\"\n               data-description=\"\"\n               data-image-slug=\"10-5\"\n               class=\"ngg-simplelightbox\" rel=\"472349243c2b7f905470177fd7a8de89\">\n                <img\n                    title=\"10\"\n                    alt=\"10\"\n                    src=\"https:\/\/verticalguitars.com\/wordpress\/wp-content\/gallery\/vg-013\/thumbs\/thumbs_10.jpg\"\n                    width=\"240\"\n                    height=\"160\"\n                    style=\"max-width:100%;\"\n                \/>\n            <\/a>\n        <\/div>\n\t\t\t\t\t\t\t<\/div> \n\t\t\t\n\t\t\t\t<div id=\"ngg-image-9\" class=\"ngg-gallery-thumbnail-box \" >\n\t\t\t\t        <div class=\"ngg-gallery-thumbnail\">\n            <a href=\"https:\/\/verticalguitars.com\/wordpress\/wp-content\/gallery\/vg-013\/11.jpg\"\n               title=\"\"\n               data-src=\"https:\/\/verticalguitars.com\/wordpress\/wp-content\/gallery\/vg-013\/11.jpg\"\n               data-thumbnail=\"https:\/\/verticalguitars.com\/wordpress\/wp-content\/gallery\/vg-013\/thumbs\/thumbs_11.jpg\"\n               data-image-id=\"101\"\n               data-title=\"11\"\n               data-description=\"\"\n               data-image-slug=\"11-4\"\n               class=\"ngg-simplelightbox\" rel=\"472349243c2b7f905470177fd7a8de89\">\n                <img\n                    title=\"11\"\n                    alt=\"11\"\n                    src=\"https:\/\/verticalguitars.com\/wordpress\/wp-content\/gallery\/vg-013\/thumbs\/thumbs_11.jpg\"\n                    width=\"240\"\n                    height=\"160\"\n                    style=\"max-width:100%;\"\n                \/>\n            <\/a>\n        <\/div>\n\t\t\t\t\t\t\t<\/div> \n\t\t\t\n\t\n\t<br style=\"clear: both\" \/>\n\n\t\n\t\t<!-- Pagination -->\n\t<div class='ngg-clear'><\/div>\t<\/div>\n\n<div class=\"ff ff-root\">\n\t<div class=\"ff-container-fluid\">\n\t\t<div class=\"ff-row\">\n\t\t\t<div class=\"ff-col-md-6 ff-col-elem text-align-center\">\n\n    <div class=\"ffs-info-box center\">\n        <div class=\"ffs-icon-box\">\n                                                <span class=\"ffs-icon-container\"><i class=\"fa fa-check-square-o\"><\/i><\/span>\n                                    <\/div>\n\n        <div class=\"ffs-content-box\">\n                            <h2 class=\"ff-col-title\">Daten:<\/h2>\n            \n            <div >\n                &#8211; Erle Korpus &#8211; zweiteiliger Ahornhals &#8211; Griffbrett Palisander &#8211; Hals Binding &#8211; Mensur: 628mm &#8211; Griffbrettradius: 12&#8243; &#8211; 24 B\u00fcnde &#8211; Schaller M6 Locking Mechaniken &#8211; Schaller GTM Br\u00fccke &#8211; Schaller Saitenhalter &#8211; R\u00fcbezahl Tonabnehmer &#8211; 1 Volume, 1 Ton Regler &#8211; Farbe: Schwarz matt            <\/div>\n        <\/div>\n    <\/div>\n\n<\/div>\n<div class=\"ff-col-md-6 ff-col-elem text-align-center\">\n\n    <div class=\"ffs-info-box center\">\n        <div class=\"ffs-icon-box\">\n                                                <span class=\"ffs-icon-container\"><i class=\"fa fa-check-square-o\"><\/i><\/span>\n                                    <\/div>\n\n        <div class=\"ffs-content-box\">\n                            <h2 class=\"ff-col-title\">Specifications:<\/h2>\n            \n            <div >\n                &#8211; Alder body &#8211; two piece maple neck &#8211; Rosewood fretboard &#8211; Neck binding &#8211; Scale: 628mm &#8211; Fretboard radius: 12&#8243; &#8211; 24 frets &#8211; Schaller M6 locking tuners &#8211; Schaller GTM Bridge &#8211; Schaller Stop Tailpiece &#8211; R\u00fcbezahl Tonabnehmer Pickup &#8211; 1 volume, 1 tone controls &#8211; Finish: Black matt            <\/div>\n        <\/div>\n    <\/div>\n\n<\/div>\n\t\t<\/div>\n\t<\/div>\n<\/div>\n\n","protected":false},"excerpt":{"rendered":"<p>&nbsp;<\/p>\n","protected":false},"author":1,"featured_media":0,"parent":0,"menu_order":0,"comment_status":"closed","ping_status":"closed","template":"","meta":{"ngg_post_thumbnail":0,"footnotes":""},"_links":{"self":[{"href":"https:\/\/verticalguitars.com\/wordpress\/wp-json\/wp\/v2\/pages\/354"}],"collection":[{"href":"https:\/\/verticalguitars.com\/wordpress\/wp-json\/wp\/v2\/pages"}],"about":[{"href":"https:\/\/verticalguitars.com\/wordpress\/wp-json\/wp\/v2\/types\/page"}],"author":[{"embeddable":true,"href":"https:\/\/verticalguitars.com\/wordpress\/wp-json\/wp\/v2\/users\/1"}],"replies":[{"embeddable":true,"href":"https:\/\/verticalguitars.com\/wordpress\/wp-json\/wp\/v2\/comments?post=354"}],"version-history":[{"count":1,"href":"https:\/\/verticalguitars.com\/wordpress\/wp-json\/wp\/v2\/pages\/354\/revisions"}],"predecessor-version":[{"id":355,"href":"https:\/\/verticalguitars.com\/wordpress\/wp-json\/wp\/v2\/pages\/354\/revisions\/355"}],"wp:attachment":[{"href":"https:\/\/verticalguitars.com\/wordpress\/wp-json\/wp\/v2\/media?parent=354"}],"curies":[{"name":"wp","href":"https:\/\/api.w.org\/{rel}","templated":true}]}}